{"id":2,"date":"2020-09-29T14:41:12","date_gmt":"2020-09-29T14:41:12","guid":{"rendered":"http:\/\/staging-psykologen.velumi.site\/?page_id=2"},"modified":"2023-07-30T14:50:08","modified_gmt":"2023-07-30T14:50:08","slug":"home","status":"publish","type":"page","link":"https:\/\/www.psykologenvidvanern.se\/","title":{"rendered":"Hem"},"content":{"rendered":"\n<h1>Engagerad, p\u00e5litlig<br>&amp; kompetent<\/h1>\n\n\n\n<p>Letar du efter en aktiv och ink\u00e4nnande psykolog f\u00f6r psykoterapi eller handledning? Malena Johansson \u00e4r legitimerad psykolog och erbjuder bland annat psykodynamisk psykoterapi, handledning f\u00f6r chefer och personal, f\u00f6rel\u00e4sningar och utbildningar. Samtalsmottagning finns i Lidk\u00f6ping och \u00f6vriga uppdrag utf\u00f6rs inom V\u00e4stra G\u00f6taland.<\/p>\n","protected":false},"excerpt":{"rendered":"<p>Engagerad, p\u00e5litlig&amp; kompetent Letar du efter en aktiv och ink\u00e4nnande psykolog f\u00f6r psykoterapi eller handledning? Malena Johansson \u00e4r legitimerad psykolog och erbjuder bland annat psykodynamisk psykoterapi, handledning f\u00f6r chefer och personal, f\u00f6rel\u00e4sningar och utbildningar. Samtalsmottagning finns i Lidk\u00f6ping och \u00f6vriga uppdrag utf\u00f6rs inom V\u00e4stra G\u00f6taland.<\/p>\n","protected":false},"author":1,"featured_media":0,"parent":0,"menu_order":0,"comment_status":"closed","ping_status":"closed","template":"","meta":{"_monsterinsights_skip_tracking":false,"_monsterinsights_sitenote_active":false,"_monsterinsights_sitenote_note":"","_monsterinsights_sitenote_category":0},"yoast_head":"<!-- This site is optimized with the Yoast SEO plugin v16.5 - https:\/\/yoast.com\/wordpress\/plugins\/seo\/ -->\n<title>Hem - Psykologen vid V\u00e4nern<\/title>\n<meta name=\"description\" content=\"Psykolog Malena Johansson erbjuder psykoterapi, krisst\u00f6d, f\u00f6retagsst\u00f6d inom social och organisatorisk arbetsmilj\u00f6, handledning\/konsultation, utbildning m.m. Mottagning finns i Lidk\u00f6ping, f\u00f6retagsuppdrag utf\u00f6rs inom V\u00e4stra G\u00f6taland. Onlinekontakt \u00e4r m\u00f6jlig. Korta v\u00e4ntetider!\" \/>\n<meta name=\"robots\" content=\"index, follow, max-snippet:-1, max-image-preview:large, max-video-preview:-1\" \/>\n<link rel=\"canonical\" href=\"https:\/\/www.psykologenvidvanern.se\/\" \/>\n<meta property=\"og:locale\" content=\"en_US\" \/>\n<meta property=\"og:type\" content=\"article\" \/>\n<meta property=\"og:title\" content=\"Hem - Psykologen vid V\u00e4nern\" \/>\n<meta property=\"og:description\" content=\"Psykolog Malena Johansson erbjuder psykoterapi, krisst\u00f6d, f\u00f6retagsst\u00f6d inom social och organisatorisk arbetsmilj\u00f6, handledning\/konsultation, utbildning m.m. Mottagning finns i Lidk\u00f6ping, f\u00f6retagsuppdrag utf\u00f6rs inom V\u00e4stra G\u00f6taland. Onlinekontakt \u00e4r m\u00f6jlig. Korta v\u00e4ntetider!\" \/>\n<meta property=\"og:url\" content=\"https:\/\/www.psykologenvidvanern.se\/\" \/>\n<meta property=\"og:site_name\" content=\"Psykologen vid V\u00e4nern\" \/>\n<meta property=\"article:publisher\" content=\"https:\/\/psykologenvidvanern.se\" \/>\n<meta property=\"article:modified_time\" content=\"2023-07-30T14:50:08+00:00\" \/>\n<meta name=\"twitter:card\" content=\"summary_large_image\" \/>\n<meta name=\"twitter:label1\" content=\"Est. reading time\" \/>\n\t<meta name=\"twitter:data1\" content=\"1 minute\" \/>\n<script type=\"application\/ld+json\" class=\"yoast-schema-graph\">{\"@context\":\"https:\/\/schema.org\",\"@graph\":[{\"@type\":\"Organization\",\"@id\":\"http:\/\/www.psykologenvidvanern.se\/#organization\",\"name\":\"Psykologen vid V\\u00e4nern\",\"url\":\"http:\/\/www.psykologenvidvanern.se\/\",\"sameAs\":[\"https:\/\/psykologenvidvanern.se\"],\"logo\":{\"@type\":\"ImageObject\",\"@id\":\"http:\/\/www.psykologenvidvanern.se\/#logo\",\"inLanguage\":\"en-US\",\"url\":\"https:\/\/www.psykologenvidvanern.se\/wp-content\/uploads\/2020\/12\/PV_symbol-01.png\",\"contentUrl\":\"https:\/\/www.psykologenvidvanern.se\/wp-content\/uploads\/2020\/12\/PV_symbol-01.png\",\"width\":928,\"height\":751,\"caption\":\"Psykologen vid V\\u00e4nern\"},\"image\":{\"@id\":\"http:\/\/www.psykologenvidvanern.se\/#logo\"}},{\"@type\":\"WebSite\",\"@id\":\"http:\/\/www.psykologenvidvanern.se\/#website\",\"url\":\"http:\/\/www.psykologenvidvanern.se\/\",\"name\":\"Psykologen vid V\\u00e4nern\",\"description\":\"Psykoterapi, organisationskonsult i Lidk\\u00f6ping\",\"publisher\":{\"@id\":\"http:\/\/www.psykologenvidvanern.se\/#organization\"},\"potentialAction\":[{\"@type\":\"SearchAction\",\"target\":\"http:\/\/www.psykologenvidvanern.se\/?s={search_term_string}\",\"query-input\":\"required name=search_term_string\"}],\"inLanguage\":\"en-US\"},{\"@type\":\"WebPage\",\"@id\":\"https:\/\/www.psykologenvidvanern.se\/#webpage\",\"url\":\"https:\/\/www.psykologenvidvanern.se\/\",\"name\":\"Hem - Psykologen vid V\\u00e4nern\",\"isPartOf\":{\"@id\":\"http:\/\/www.psykologenvidvanern.se\/#website\"},\"datePublished\":\"2020-09-29T14:41:12+00:00\",\"dateModified\":\"2023-07-30T14:50:08+00:00\",\"description\":\"Psykolog Malena Johansson erbjuder psykoterapi, krisst\\u00f6d, f\\u00f6retagsst\\u00f6d inom social och organisatorisk arbetsmilj\\u00f6, handledning\/konsultation, utbildning m.m. Mottagning finns i Lidk\\u00f6ping, f\\u00f6retagsuppdrag utf\\u00f6rs inom V\\u00e4stra G\\u00f6taland. Onlinekontakt \\u00e4r m\\u00f6jlig. Korta v\\u00e4ntetider!\",\"breadcrumb\":{\"@id\":\"https:\/\/www.psykologenvidvanern.se\/#breadcrumb\"},\"inLanguage\":\"en-US\",\"potentialAction\":[{\"@type\":\"ReadAction\",\"target\":[\"https:\/\/www.psykologenvidvanern.se\/\"]}]},{\"@type\":\"BreadcrumbList\",\"@id\":\"https:\/\/www.psykologenvidvanern.se\/#breadcrumb\",\"itemListElement\":[{\"@type\":\"ListItem\",\"position\":1,\"name\":\"Home\",\"item\":\"https:\/\/www.psykologenvidvanern.se\/\"},{\"@type\":\"ListItem\",\"position\":2,\"name\":\"Hem\"}]}]}<\/script>\n<!-- \/ Yoast SEO plugin. -->","_links":{"self":[{"href":"https:\/\/www.psykologenvidvanern.se\/index.php?rest_route=\/wp\/v2\/pages\/2"}],"collection":[{"href":"https:\/\/www.psykologenvidvanern.se\/index.php?rest_route=\/wp\/v2\/pages"}],"about":[{"href":"https:\/\/www.psykologenvidvanern.se\/index.php?rest_route=\/wp\/v2\/types\/page"}],"author":[{"embeddable":true,"href":"https:\/\/www.psykologenvidvanern.se\/index.php?rest_route=\/wp\/v2\/users\/1"}],"replies":[{"embeddable":true,"href":"https:\/\/www.psykologenvidvanern.se\/index.php?rest_route=%2Fwp%2Fv2%2Fcomments&post=2"}],"version-history":[{"count":25,"href":"https:\/\/www.psykologenvidvanern.se\/index.php?rest_route=\/wp\/v2\/pages\/2\/revisions"}],"predecessor-version":[{"id":68,"href":"https:\/\/www.psykologenvidvanern.se\/index.php?rest_route=\/wp\/v2\/pages\/2\/revisions\/68"}],"wp:attachment":[{"href":"https:\/\/www.psykologenvidvanern.se\/index.php?rest_route=%2Fwp%2Fv2%2Fmedia&parent=2"}],"curies":[{"name":"wp","href":"https:\/\/api.w.org\/{rel}","templated":true}]}}